{"id":1214,"date":"2023-11-20T06:32:31","date_gmt":"2023-11-20T06:32:31","guid":{"rendered":"https:\/\/ultradevs.com\/demo\/wp\/mistri\/?page_id=1214"},"modified":"2025-06-10T01:17:23","modified_gmt":"2025-06-10T01:17:23","slug":"about-v2","status":"publish","type":"page","link":"https:\/\/thebrandingtailors.com\/setrema\/about-v2\/","title":{"rendered":"Sobre"},"content":{"rendered":"\t\t<div data-elementor-type=\"wp-page\" data-elementor-id=\"1214\" class=\"elementor elementor-1214\">\n\t\t\t\t<div class=\"elementor-element elementor-element-6b57aee e-flex e-con-boxed e-con e-parent\" data-id=\"6b57aee\" data-element_type=\"container\">\n\t\t\t\t\t<div class=\"e-con-inner\">\n\t\t<div class=\"elementor-element elementor-element-7a8b874 e-con-full e-flex e-con e-child\" data-id=\"7a8b874\" data-element_type=\"container\">\n\t\t<div class=\"elementor-element elementor-element-8a3e2cc e-con-full e-flex e-con e-child\" data-id=\"8a3e2cc\" data-element_type=\"container\">\n\t\t\t\t<div class=\"elementor-element elementor-element-7238498 elementor-widget elementor-widget-mistri-section-title\" data-id=\"7238498\" data-element_type=\"widget\" data-widget_type=\"mistri-section-title.default\">\n\t\t\t\t<div class=\"elementor-widget-container\">\n\t\t\t\t\t\r\n\t\t\t<div class=\"section-header text-left\">\r\n\t\t\t\t<h5 class=\"wow fadeInUp\" data-wow-duration=\"1.3s\" data-wow-delay=\".3s\" style=\"color:#EE332B\">A SETREMA<\/h5>\r\n\t\t\t\t<h2 class=\"wow fadeInUp\" data-wow-duration=\"1.6s\" data-wow-delay=\".6s\" style=\"color:#0e0e0e\">produ\u00e7\u00e3o de sistemas completos para alimenta\u00e7\u00e3o de prensas<\/h2>\r\n\t\t\t\t<div class=\"cs_section_text m-0\" style=\"color:#303030\"><\/div>\r\n\t\t\t<\/div>\t\t\t\t<\/div>\n\t\t\t\t<\/div>\n\t\t\t\t<\/div>\n\t\t<div class=\"elementor-element elementor-element-cb83fcc e-con-full e-flex e-con e-child\" data-id=\"cb83fcc\" data-element_type=\"container\">\n\t\t\t\t<div class=\"elementor-element elementor-element-1b7891d elementor-widget elementor-widget-text-editor\" data-id=\"1b7891d\" data-element_type=\"widget\" data-widget_type=\"text-editor.default\">\n\t\t\t\t<div class=\"elementor-widget-container\">\n\t\t\t\t\t\t\t\t\t<p>A SETREMA \u00e9 uma empresa genuinamente brasileira, com atua\u00e7\u00e3o no Brasil e em diversos pa\u00edses, concentrando suas opera\u00e7\u00f5es na produ\u00e7\u00e3o de sistemas completos para alimenta\u00e7\u00e3o de prensas, como, desbobinadores, endireitadores de chapas e alimentadores, linhas de corte transversal e longitudinal (slitter) e Prensas Excentricas R\u00e1pidas.<\/p>\t\t\t\t\t\t\t\t<\/div>\n\t\t\t\t<\/div>\n\t\t\t\t<div class=\"elementor-element elementor-element-b24b665 elementor-widget elementor-widget-mistri-list-default\" data-id=\"b24b665\" data-element_type=\"widget\" data-widget_type=\"mistri-list-default.default\">\n\t\t\t\t<div class=\"elementor-widget-container\">\n\t\t\t\t\t\n\t\t<ul class=\"plist-features\"><li><span><\/span> Tecnologia Pr\u00f3pria<\/li><li><span><\/span> Suporte P\u00f3s-Venda<\/li><li><span><\/span> Engenharia Interna<\/li>\n\t\t<\/ul>\t\t\t\t<\/div>\n\t\t\t\t<\/div>\n\t\t\t\t<\/div>\n\t\t\t\t<\/div>\n\t\t<div class=\"elementor-element elementor-element-917724b e-con-full e-flex e-con e-child\" data-id=\"917724b\" data-element_type=\"container\">\n\t\t<div class=\"elementor-element elementor-element-19afed7 e-con-full e-flex e-con e-child\" data-id=\"19afed7\" data-element_type=\"container\">\n\t\t\t\t<div class=\"elementor-element elementor-element-ebb3d0e elementor-widget elementor-widget-mistri-about-overlay\" data-id=\"ebb3d0e\" data-element_type=\"widget\" data-widget_type=\"mistri-about-overlay.default\">\n\t\t\t\t<div class=\"elementor-widget-container\">\n\t\t\t\t\t\r\n\t\t<section class=\"experience-two experience-three mb-0   p-0\">\r\n\t\t\t<div class=\"image\">\r\n\t\t\t\t<img decoding=\"async\" src=\"https:\/\/ultradevs.com\/demo\/wp\/mistri\/wp-content\/uploads\/2023\/09\/03-2.jpg\" alt=\"image\">\r\n\t\t\t\t<div class=\"stroke-text\">\r\n\t\t\t\t\t<h2>Desde 1986<\/h2>\r\n\t\t\t\t<\/div>\r\n\t\t\t\t<div class=\"left-gap d-none d-sm-block float-bob-x\">\r\n\t\t\t\t\t<img decoding=\"async\" src=\"https:\/\/ultradevs.com\/demo\/wp\/mistri\/wp-content\/uploads\/2023\/09\/left-gap.png\" alt=\"#\">\r\n\t\t\t\t<\/div>\r\n\t\t\t\t<div class=\"right-gap d-none d-sm-block float-bob-x\">\r\n\t\t\t\t\t<img decoding=\"async\" src=\"https:\/\/ultradevs.com\/demo\/wp\/mistri\/wp-content\/uploads\/2023\/09\/right-gap.png\" alt=\"\">\r\n\t\t\t\t<\/div>\r\n\t\t\t<\/div>\r\n        <\/section>\t\t\t\t<\/div>\n\t\t\t\t<\/div>\n\t\t\t\t<\/div>\n\t\t<div class=\"elementor-element elementor-element-0ff5012 e-con-full e-flex e-con e-child\" data-id=\"0ff5012\" data-element_type=\"container\">\n\t\t\t\t<div class=\"elementor-element elementor-element-96492f5 elementor-widget elementor-widget-mistri-about-funfact-video\" data-id=\"96492f5\" data-element_type=\"widget\" data-widget_type=\"mistri-about-funfact-video.default\">\n\t\t\t\t<div class=\"elementor-widget-container\">\n\t\t\t\t\t\r\n        <div class=\"wow fadeInDown\" data-wow-duration=\"1.5s\" data-wow-delay=\".5s\">\r\n            <div class=\"experience-two\">\r\n                <div class=\"content bor-bottom pb-30 mb-30\">\r\n                    <h2><span class=\"count\">39<\/span>+<\/h2>\r\n                    <span>Anos de Experi\u00eancia<\/span>\r\n                <\/div>\r\n                <div class=\"content bor-bottom pb-30 mb-30\">\r\n                    <h2><span class=\"count\">690<\/span>+<\/h2>\r\n                    <span>Ind\u00fastrias Atendidas<\/span>\r\n                <\/div>\r\n            <\/div>\r\n            <div class=\"experience_video overlay50\">\r\n                <img decoding=\"async\" src=\"https:\/\/ultradevs.com\/demo\/wp\/mistri\/wp-content\/uploads\/2023\/09\/04-1.jpg\" alt=\"image\">\r\n                <div class=\"video-btn-wrp\">\r\n                    <div class=\"video video-pulse\">\r\n                        <a class=\"video-popup secondary-bg\" href=\"https:\/\/www.youtube.com\/watch?v=13qOE2N_AKs\"><i class=\"fas fa-play\"><\/i><\/a>\r\n                    <\/div>\r\n                <\/div>\r\n            <\/div>\r\n        <\/div>\r\n                \r\n        \t\t\t\t<\/div>\n\t\t\t\t<\/div>\n\t\t\t\t<\/div>\n\t\t\t\t<\/div>\n\t\t\t\t<div class=\"elementor-element elementor-element-b5cfcc5 elementor-widget__width-auto elementor-absolute scale-animation elementor-widget elementor-widget-image\" data-id=\"b5cfcc5\" data-element_type=\"widget\" data-settings=\"{&quot;_position&quot;:&quot;absolute&quot;}\" data-widget_type=\"image.default\">\n\t\t\t\t<div class=\"elementor-widget-container\">\n\t\t\t\t\t\t\t\t\t\t\t\t\t\t\t<img decoding=\"async\" width=\"232\" height=\"57\" src=\"https:\/\/thebrandingtailors.com\/setrema\/wp-content\/uploads\/2023\/09\/gaps-primary-fade.png\" class=\"attachment-full size-full wp-image-174\" alt=\"\" \/>\t\t\t\t\t\t\t\t\t\t\t\t\t\t\t<\/div>\n\t\t\t\t<\/div>\n\t\t\t\t<div class=\"elementor-element elementor-element-ede7ebf elementor-widget__width-auto elementor-absolute star-rotare elementor-widget elementor-widget-image\" data-id=\"ede7ebf\" data-element_type=\"widget\" data-settings=\"{&quot;_position&quot;:&quot;absolute&quot;}\" data-widget_type=\"image.default\">\n\t\t\t\t<div class=\"elementor-widget-container\">\n\t\t\t\t\t\t\t\t\t\t\t\t\t\t\t<img decoding=\"async\" width=\"128\" height=\"57\" src=\"https:\/\/thebrandingtailors.com\/setrema\/wp-content\/uploads\/2023\/09\/right-gap.png\" class=\"attachment-full size-full wp-image-177\" alt=\"\" \/>\t\t\t\t\t\t\t\t\t\t\t\t\t\t\t<\/div>\n\t\t\t\t<\/div>\n\t\t\t\t\t<\/div>\n\t\t\t\t<\/div>\n\t\t<div class=\"elementor-element elementor-element-4f87cfd e-flex e-con-boxed e-con e-parent\" data-id=\"4f87cfd\" data-element_type=\"container\" data-settings=\"{&quot;background_background&quot;:&quot;classic&quot;}\">\n\t\t\t\t\t<div class=\"e-con-inner\">\n\t\t\t\t<div class=\"elementor-element elementor-element-b96af5a elementor-widget elementor-widget-mistri-section-title\" data-id=\"b96af5a\" data-element_type=\"widget\" data-widget_type=\"mistri-section-title.default\">\n\t\t\t\t<div class=\"elementor-widget-container\">\n\t\t\t\t\t\r\n\t\t\t<div class=\"section-header text-center\">\r\n\t\t\t\t<h5 class=\"wow fadeInUp\" data-wow-duration=\"1.3s\" data-wow-delay=\".3s\" style=\"color:#EE332B\">A SETREMA<\/h5>\r\n\t\t\t\t<h2 class=\"wow fadeInUp\" data-wow-duration=\"1.6s\" data-wow-delay=\".6s\" style=\"color:#FFFFFF\">Quem Somos<\/h2>\r\n\t\t\t\t<div class=\"cs_section_text m-0\" style=\"color:#FFFFFF\"><\/div>\r\n\t\t\t<\/div>\t\t\t\t<\/div>\n\t\t\t\t<\/div>\n\t\t\t\t<div class=\"elementor-element elementor-element-212dbcf elementor-widget elementor-widget-text-editor\" data-id=\"212dbcf\" data-element_type=\"widget\" data-widget_type=\"text-editor.default\">\n\t\t\t\t<div class=\"elementor-widget-container\">\n\t\t\t\t\t\t\t\t\t<p><span style=\"color: #ff0000;\"><strong><span class=\"primary-color left-span pb-2\">HIST\u00d3RIA<\/span><\/strong><\/span><\/p><h3 class=\"text-white text-capitalize\">De onde viemos<\/h3><p>Fundada em 1986 por Antonio Corradini, com mais de 40 anos de experi\u00eancia no setor de prensas e automo\u00e7\u00e3o, a SETREMA construiu sua hist\u00f3ria com a miss\u00e3o de gerar a melhor rela\u00e7\u00e3o custo x benef\u00edcio do mercado, com avan\u00e7ada tecnologia e a mais completa linha de equipamentos e acess\u00f3rios para alimenta\u00e7\u00e3o de prensas.<\/p><p><span style=\"color: #ff0000;\"><strong><span class=\"primary-color left-span pb-2\">LOCALIZA\u00c7\u00c3O<\/span><\/strong><\/span><\/p><h3 class=\"text-white text-capitalize\">Onde Estamos<\/h3><p>Estrategicamente localizada pr\u00f3xima a grandes centros urbanos como Campinas e S\u00e3o Paulo e com f\u00e1cil acesso para todo pa\u00eds pelas rodovias Bandeirantes e Anhanguera, a SETREMA est\u00e1 localizada na cidade de Itupeva no interior de S\u00e3o Paulo.<\/p><p><span class=\"primary-color left-span pb-2\">DIFERENCIAIS<\/span><\/p><h3 class=\"text-white text-capitalize\">Porque Nos Escolher<\/h3><p>A SETREMA disponibiliza para seus clientes um departamento de engenharia pr\u00f3prio, com profissionais altamente treinados para oferecer projetos personalizados com uma completa linha de equipamentos e acess\u00f3rios para alimenta\u00e7\u00e3o de prensas, assist\u00eancia t\u00e9cnica especializada e um departamento exclusivo de pe\u00e7as originais de reposi\u00e7\u00e3o para oferecer aos seus clientes equipamentos robustos, modernos e de excelente qualidade.<\/p>\t\t\t\t\t\t\t\t<\/div>\n\t\t\t\t<\/div>\n\t\t\t\t\t<\/div>\n\t\t\t\t<\/div>\n\t\t<div class=\"elementor-element elementor-element-1746893 e-flex e-con-boxed e-con e-parent\" data-id=\"1746893\" data-element_type=\"container\">\n\t\t\t\t\t<div class=\"e-con-inner\">\n\t\t\t\t<div class=\"elementor-element elementor-element-0731bfd elementor-widget elementor-widget-mistri-testimonial-modern\" data-id=\"0731bfd\" data-element_type=\"widget\" data-widget_type=\"mistri-testimonial-modern.default\">\n\t\t\t\t<div class=\"elementor-widget-container\">\n\t\t\t\t\t \r\n        <div class=\"testimonial\">\r\n            <div class=\"testimonial-wrp bor\">\r\n                <div class=\" row justify-content-between\">\r\n                    <div class=\"col-lg-7 mb-5 mb-lg-0\">\r\n                        <div class=\"section-header mb-5\">\r\n                            <h5 class=\"wow fadeInUp\" data-wow-duration=\"1.3s\" data-wow-delay=\".3s\">DEPOIMENTOS<\/h5>\r\n                            <h2 class=\"wow fadeInUp\" data-wow-duration=\"1.6s\" data-wow-delay=\".6s\">O Que Falam Sobre N\u00f3s<\/h2>\r\n                        <\/div>\r\n                        <div class=\"row\">\r\n                            <div class=\"col-lg-10\">\r\n                                <div class=\"swiper arry-wrp testimonial-slider\">\r\n                                    <div class=\"swiper-wrapper\">\r\n                                        <div class=\"swiper-slide\">\r\n                                            <div class=\"item\">\r\n                                                <h3>Ind\u00fastria de Embalagens<\/h3>\r\n                                                <p><p>A SETREMA ajudou nossa opera\u00e7\u00e3o a economizar muito com a otimiza\u00e7\u00e3o do parque fabril, trazendo velocidade e economia.<\/p><\/p>\r\n                                                <div class=\"author\">\r\n                                                    <h4>Daniel Silva<\/h4>\r\n                                                    <span>Engenheiro de Produ\u00e7\u00e3o<\/span>\r\n                                                <\/div>\r\n                                            <\/div>\r\n                                        <\/div>\r\n                                        <div class=\"swiper-slide\">\r\n                                            <div class=\"item\">\r\n                                                <h3>Ind\u00fastria de Autope\u00e7as<\/h3>\r\n                                                <p><p>Com a ajuda da SETREMA, consehuimos otimizar nossas plantas, alcan\u00e7ando um n\u00edvel sem precedentes de efici\u00eancia operacional.<\/p><\/p>\r\n                                                <div class=\"author\">\r\n                                                    <h4>Luciana Rossi<\/h4>\r\n                                                    <span>Designer de Produto<\/span>\r\n                                                <\/div>\r\n                                            <\/div>\r\n                                        <\/div>\r\n                                        \r\n                                    <\/div>\r\n                                    <div class=\"arry-btn\">\r\n                                        <button class=\"arry-prev testimonial-arry-prev\"><i class=\"fas fa-chevron-left\"><\/i><\/button>\r\n                                        <button class=\"ms-3 active arry-next testimonial-arry-next\"><i class=\"fas fa-chevron-right\"><\/i><\/button>\r\n                                    <\/div>\r\n                                <\/div>\r\n                            <\/div>\r\n                        <\/div>\r\n                    <\/div>\r\n                    <div class=\"col-lg-5\">\r\n                        <div class=\"image\">\r\n                            <div class=\"swiper testimonial-slider\">\r\n                                <div class=\"swiper-wrapper\">\r\n                                    <div class=\"swiper-slide\">\r\n                                        <img decoding=\"async\" src=\"https:\/\/ultradevs.com\/demo\/wp\/mistri\/wp-content\/uploads\/2023\/09\/01-14.jpg\" alt=\"image\">\r\n                                    <\/div>\r\n                                    <div class=\"swiper-slide\">\r\n                                        <img decoding=\"async\" src=\"https:\/\/ultradevs.com\/demo\/wp\/mistri\/wp-content\/uploads\/2023\/09\/02-11.jpg\" alt=\"image\">\r\n                                    <\/div>\r\n                                <\/div>\r\n                            <\/div>\r\n                            <span><\/span>\r\n                            <i class=\"fas fa-quote-right\"><\/i>\r\n                        <\/div>\r\n                    <\/div>\r\n                <\/div>\r\n            <\/div>\r\n        <\/div>\t\t\t\t<\/div>\n\t\t\t\t<\/div>\n\t\t\t\t\t<\/div>\n\t\t\t\t<\/div>\n\t\t<div class=\"elementor-element elementor-element-7d2abdf e-flex e-con-boxed e-con e-parent\" data-id=\"7d2abdf\" data-element_type=\"container\">\n\t\t\t\t\t<div class=\"e-con-inner\">\n\t\t\t\t<div class=\"elementor-element elementor-element-0c1717a elementor-widget elementor-widget-mistri-brand-logos\" data-id=\"0c1717a\" data-element_type=\"widget\" data-widget_type=\"mistri-brand-logos.default\">\n\t\t\t\t<div class=\"elementor-widget-container\">\n\t\t\t\t\t\n\t\t<script>\n\t\t\tjQuery(document).ready(function(){\n\t\t\t\tsetInterval(function(){ \n\t\t\t\t\tjQuery(\".brand__active--306456743\").slick({\n\t\t\t\t\t\tslidesToShow:5,\n\t\t\t\t\t\tslidesToScroll: 1,\n\t\t\t\t\t\tautoplay: false,\n\t\t\t\t\t\tloop: true,\n\t\t\t\t\t\tcenterMode: true,\n\t\t\t\t\t\tcenterPadding: \"0px\",\n\t\t\t\t\t\tspeed:600,\n\t\t\t\t\t\tautoplayHoverPause: true,\n\t\t\t\t\t\tarrows: false,\n\t\t\t\t\t\tdots: false,\n\t\t\t\t\t\tresponsive:[\n                            {\n                                breakpoint: 767,\n                                settings: {\n                                    slidesToShow: 2,\n                                }\n                            },\n                            {\n                                breakpoint: 1025,\n                                settings: {\n                                    slidesToShow: 3,\n                                }\n                            },\n                            {\n                                breakpoint: 1500,\n                                settings: {\n                                    slidesToShow: 5,\n                                }\n                            },\n\t\t\t\t\t\t\t{\n                                breakpoint: 3000,\n                                settings: {\n                                    slidesToShow: 5,\n                                }\n                            },\n                        ]\n\t\t\t\t\t}); \n\t\t\t\t\t}, 10);\n\t\t\t});\n\t\t<\/script>\t\n\n\t\t<div class=\"brand\">\n\t\t\t<div class=\"brand-slider brand__active--306456743 brand-logos style-1\">\n\t\t\t\t\t<div class=\"single-brand-slider\"><a href=\"#\" target=\"_blank\"><img decoding=\"async\" src=\"https:\/\/thebrandingtailors.com\/setrema\/wp-content\/uploads\/2023\/09\/gallery6.png)\"><\/a>\n\t\t\t\t\t<\/div>\n\t\t\t\t\t<div class=\"single-brand-slider\"><a href=\"#\" target=\"_blank\"><img decoding=\"async\" src=\"https:\/\/thebrandingtailors.com\/setrema\/wp-content\/uploads\/2023\/09\/info1-1.png)\"><\/a>\n\t\t\t\t\t<\/div>\n\t\t\t\t\t<div class=\"single-brand-slider\"><a href=\"#\" target=\"_blank\"><img decoding=\"async\" src=\"https:\/\/thebrandingtailors.com\/setrema\/wp-content\/uploads\/2023\/09\/info2.png)\"><\/a>\n\t\t\t\t\t<\/div>\n\t\t\t\t\t<div class=\"single-brand-slider\"><a href=\"#\" target=\"_blank\"><img decoding=\"async\" src=\"https:\/\/thebrandingtailors.com\/setrema\/wp-content\/uploads\/2023\/09\/map-1024x327.png)\"><\/a>\n\t\t\t\t\t<\/div>\n\t\t\t\t\t<div class=\"single-brand-slider\"><a href=\"#\" target=\"_blank\"><img decoding=\"async\" src=\"https:\/\/thebrandingtailors.com\/setrema\/wp-content\/uploads\/2023\/09\/gallery1.png)\"><\/a>\n\t\t\t\t\t<\/div>\n\t\t\t\t\t<div class=\"single-brand-slider\"><a href=\"#\" target=\"_blank\"><img decoding=\"async\" src=\"https:\/\/thebrandingtailors.com\/setrema\/wp-content\/uploads\/2023\/09\/gallery6.png)\"><\/a>\n\t\t\t\t\t<\/div>\n\t\t\t\t\t<div class=\"single-brand-slider\"><a href=\"#\" target=\"_blank\"><img decoding=\"async\" src=\"https:\/\/thebrandingtailors.com\/setrema\/wp-content\/uploads\/2023\/09\/info1-1.png)\"><\/a>\n\t\t\t\t\t<\/div>\t\n\t\t\t<\/div>\n\t\t<\/div>\n\t\t\t\t\t\t<\/div>\n\t\t\t\t<\/div>\n\t\t\t\t\t<\/div>\n\t\t\t\t<\/div>\n\t\t\t\t<\/div>\n\t\t","protected":false},"excerpt":{"rendered":"<p>A SETREMA produ\u00e7\u00e3o de sistemas completos para alimenta\u00e7\u00e3o de prensas A SETREMA \u00e9 uma empresa genuinamente brasileira, com atua\u00e7\u00e3o no Brasil e em diversos pa\u00edses, concentrando suas opera\u00e7\u00f5es na produ\u00e7\u00e3o de sistemas completos para alimenta\u00e7\u00e3o de prensas, como, desbobinadores, endireitadores de chapas e alimentadores, linhas de corte transversal e longitudinal (slitter) e Prensas Excentricas R\u00e1pidas. [&hellip;]<\/p>\n","protected":false},"author":1,"featured_media":0,"parent":0,"menu_order":0,"comment_status":"closed","ping_status":"closed","template":"","meta":{"footnotes":""},"class_list":["post-1214","page","type-page","status-publish","hentry"],"_links":{"self":[{"href":"https:\/\/thebrandingtailors.com\/setrema\/wp-json\/wp\/v2\/pages\/1214","targetHints":{"allow":["GET"]}}],"collection":[{"href":"https:\/\/thebrandingtailors.com\/setrema\/wp-json\/wp\/v2\/pages"}],"about":[{"href":"https:\/\/thebrandingtailors.com\/setrema\/wp-json\/wp\/v2\/types\/page"}],"author":[{"embeddable":true,"href":"https:\/\/thebrandingtailors.com\/setrema\/wp-json\/wp\/v2\/users\/1"}],"replies":[{"embeddable":true,"href":"https:\/\/thebrandingtailors.com\/setrema\/wp-json\/wp\/v2\/comments?post=1214"}],"version-history":[{"count":25,"href":"https:\/\/thebrandingtailors.com\/setrema\/wp-json\/wp\/v2\/pages\/1214\/revisions"}],"predecessor-version":[{"id":1538,"href":"https:\/\/thebrandingtailors.com\/setrema\/wp-json\/wp\/v2\/pages\/1214\/revisions\/1538"}],"wp:attachment":[{"href":"https:\/\/thebrandingtailors.com\/setrema\/wp-json\/wp\/v2\/media?parent=1214"}],"curies":[{"name":"wp","href":"https:\/\/api.w.org\/{rel}","templated":true}]}}