{"id":243,"date":"2023-11-03T12:17:56","date_gmt":"2023-11-03T12:17:56","guid":{"rendered":"https:\/\/ultradevs.com\/demo\/wp\/mistri\/?page_id=243"},"modified":"2025-06-09T19:18:25","modified_gmt":"2025-06-09T19:18:25","slug":"contato","status":"publish","type":"page","link":"https:\/\/thebrandingtailors.com\/setrema\/contato\/","title":{"rendered":"Contato"},"content":{"rendered":"\t\t<div data-elementor-type=\"wp-page\" data-elementor-id=\"243\" class=\"elementor elementor-243\">\n\t\t\t\t<div class=\"elementor-element elementor-element-18e7f03 e-flex e-con-boxed e-con e-parent\" data-id=\"18e7f03\" data-element_type=\"container\">\n\t\t\t\t\t<div class=\"e-con-inner\">\n\t\t<div class=\"elementor-element elementor-element-965c9d3 e-con-full e-flex e-con e-child\" data-id=\"965c9d3\" data-element_type=\"container\">\n\t\t\t\t<div class=\"elementor-element elementor-element-91a27bf elementor-widget elementor-widget-mistri-contact-list\" data-id=\"91a27bf\" data-element_type=\"widget\" data-widget_type=\"mistri-contact-list.default\">\n\t\t\t\t<div class=\"elementor-widget-container\">\n\t\t\t\t\t\r\n\t\t<div class=\"contact-area-card bg-image\" style=\"background-image: linear-gradient(rgba(0, 0, 0, 0.6), rgba(0, 0, 0, 0.6)), url(https:\/\/ultradevs.com\/demo\/wp\/mistri\/wp-content\/uploads\/2023\/09\/01-4.jpg);\">\r\n\t\t\t<h2>Tem algo em mente? Vamos conversar!<\/h2>\r\n\t\t\t<p>Entre em contato com nossa equipe e saiba como nossas lou\u00e7\u00f5es podem otimizar a sua opera\u00e7\u00e3o.<\/p>\r\n\t\t\t<div class=\"arry\"><img decoding=\"async\" src=\"https:\/\/ultradevs.com\/demo\/wp\/mistri\/wp-content\/uploads\/2023\/09\/arry.png\" alt=\"\"><\/div>\r\n\t\t\t<ul><li><a href=\"#\"><i class=\"fas fa-map-marker-alt\"><\/i>Avenida Emilio Chechinato, 1768 -  Itupeva \/ SP<\/a><\/li><li><a href=\"tel:(11) 4591-1801\"><i class=\"fas fa-phone-volume\"><\/i>(11) 4591-1801<\/a><\/li><li><a href=\"mailto:contato@setrema.com.br\"><i class=\"fas fa-envelope\"><\/i>contato@setrema.com.br<\/a><\/li>\r\n\t\t\t<\/ul>\r\n\t\t<\/div>\t\t\t\t<\/div>\n\t\t\t\t<\/div>\n\t\t\t\t<\/div>\n\t\t<div class=\"elementor-element elementor-element-9cff0db e-con-full e-flex e-con e-child\" data-id=\"9cff0db\" data-element_type=\"container\">\n\t\t\t\t<div class=\"elementor-element elementor-element-6b1d725 elementor-widget elementor-widget-mistri-contact\" data-id=\"6b1d725\" data-element_type=\"widget\" data-widget_type=\"mistri-contact.default\">\n\t\t\t\t<div class=\"elementor-widget-container\">\n\t\t\t\t\t\n<div class=\"wpcf7 no-js\" id=\"wpcf7-f507-o1\" lang=\"en-US\" dir=\"ltr\">\n<div class=\"screen-reader-response\"><p role=\"status\" aria-live=\"polite\" aria-atomic=\"true\"><\/p> <ul><\/ul><\/div>\n<form action=\"\/setrema\/wp-json\/wp\/v2\/pages\/243#wpcf7-f507-o1\" method=\"post\" class=\"wpcf7-form init\" aria-label=\"Contact form\" novalidate=\"novalidate\" data-status=\"init\">\n<div style=\"display: none;\">\n<input type=\"hidden\" name=\"_wpcf7\" value=\"507\" \/>\n<input type=\"hidden\" name=\"_wpcf7_version\" value=\"5.9.8\" \/>\n<input type=\"hidden\" name=\"_wpcf7_locale\" value=\"en_US\" \/>\n<input type=\"hidden\" name=\"_wpcf7_unit_tag\" value=\"wpcf7-f507-o1\" \/>\n<input type=\"hidden\" name=\"_wpcf7_container_post\" value=\"0\" \/>\n<input type=\"hidden\" name=\"_wpcf7_posted_data_hash\" value=\"\" \/>\n<\/div>\n<div class=\"contact-form-area form-area\">\n\t<div class=\"form-area-single\">\n\t\t<p><span class=\"wpcf7-form-control-wrap\" data-name=\"text-630\"><input size=\"40\" maxlength=\"400\" class=\"wpcf7-form-control wpcf7-text\" aria-invalid=\"false\" placeholder=\"Nome\" value=\"\" type=\"text\" name=\"text-630\" \/><\/span>\n\t\t<\/p>\n\t<\/div>\n\t<div class=\"form-area-single mt-30\">\n\t\t<p><span class=\"wpcf7-form-control-wrap\" data-name=\"email-315\"><input size=\"40\" maxlength=\"400\" class=\"wpcf7-form-control wpcf7-email wpcf7-text wpcf7-validates-as-email\" aria-invalid=\"false\" value=\"E-Mail\" type=\"email\" name=\"email-315\" \/><\/span>\n\t\t<\/p>\n\t<\/div>\n\t<div class=\"form-area-single mt-30\">\n\t\t<p><span class=\"wpcf7-form-control-wrap\" data-name=\"menu-299\"><select class=\"wpcf7-form-control wpcf7-select wpcf7-validates-as-required\" aria-required=\"true\" aria-invalid=\"false\" name=\"menu-299\"><option value=\"Or\u00e7amento\">Or\u00e7amento<\/option><option value=\"Assist\u00eancia T\u00e9cnica\">Assist\u00eancia T\u00e9cnica<\/option><option value=\"Vendas\">Vendas<\/option><\/select><\/span>\n\t\t<\/p>\n\t<\/div>\n\t<div class=\"form-area-single mt-30\">\n\t\t<p><span class=\"wpcf7-form-control-wrap\" data-name=\"textarea-30\"><textarea cols=\"40\" rows=\"10\" maxlength=\"2000\" class=\"wpcf7-form-control wpcf7-textarea\" aria-invalid=\"false\" placeholder=\"Mensagem\" name=\"textarea-30\"><\/textarea><\/span>\n\t\t<\/p>\n\t<\/div>\n\t<div class=\"mt-30\">\n\t\t<p><span class=\"wpcf7-form-control-wrap\" data-name=\"radio-492\"><span class=\"wpcf7-form-control wpcf7-radio\"><span class=\"wpcf7-list-item first last\"><label><input type=\"radio\" name=\"radio-492\" value=\"Aceito os termos e condi\u00e7\u00f5es\" checked=\"checked\" \/><span class=\"wpcf7-list-item-label\">Aceito os termos e condi\u00e7\u00f5es<\/span><\/label><\/span><\/span><\/span>\n\t\t<\/p>\n\t<\/div>\n\t<div class=\"form-area-button \">\n\t\t<p><button>Enviar<i class=\"fas fa-long-arrow-alt-right\"><\/i><\/button>\n\t\t<\/p>\n\t<\/div>\n<\/div><div class=\"wpcf7-response-output\" aria-hidden=\"true\"><\/div>\n<\/form>\n<\/div>\n\t\t\t\t<\/div>\n\t\t\t\t<\/div>\n\t\t\t\t<\/div>\n\t\t\t\t\t<\/div>\n\t\t\t\t<\/div>\n\t\t<div class=\"elementor-element elementor-element-68370b7 e-con-full e-flex e-con e-parent\" data-id=\"68370b7\" data-element_type=\"container\">\n\t\t\t\t<div class=\"elementor-element elementor-element-fbf6797 elementor-widget elementor-widget-google_maps\" data-id=\"fbf6797\" data-element_type=\"widget\" data-widget_type=\"google_maps.default\">\n\t\t\t\t<div class=\"elementor-widget-container\">\n\t\t\t\t\t\t\t<div class=\"elementor-custom-embed\">\n\t\t\t<iframe loading=\"lazy\"\n\t\t\t\t\tsrc=\"https:\/\/maps.google.com\/maps?q=Avenida%20Emilio%20Chechinato%2C%201768%20-%20%20Itupeva%20%2F%20SP&#038;t=m&#038;z=13&#038;output=embed&#038;iwloc=near\"\n\t\t\t\t\ttitle=\"Avenida Emilio Chechinato, 1768 -  Itupeva \/ SP\"\n\t\t\t\t\taria-label=\"Avenida Emilio Chechinato, 1768 -  Itupeva \/ SP\"\n\t\t\t><\/iframe>\n\t\t<\/div>\n\t\t\t\t\t\t<\/div>\n\t\t\t\t<\/div>\n\t\t\t\t<\/div>\n\t\t\t\t<\/div>\n\t\t","protected":false},"excerpt":{"rendered":"<p>Tem algo em mente? Vamos conversar! Entre em contato com nossa equipe e saiba como nossas lou\u00e7\u00f5es podem otimizar a sua opera\u00e7\u00e3o. Avenida Emilio Chechinato, 1768 &#8211; Itupeva \/ SP (11) 4591-1801 contato@setrema.com.br AccountServicePricingSupport I accept your terms &amp; conditions Submit Now<\/p>\n","protected":false},"author":1,"featured_media":0,"parent":0,"menu_order":0,"comment_status":"closed","ping_status":"closed","template":"","meta":{"footnotes":""},"class_list":["post-243","page","type-page","status-publish","hentry"],"_links":{"self":[{"href":"https:\/\/thebrandingtailors.com\/setrema\/wp-json\/wp\/v2\/pages\/243","targetHints":{"allow":["GET"]}}],"collection":[{"href":"https:\/\/thebrandingtailors.com\/setrema\/wp-json\/wp\/v2\/pages"}],"about":[{"href":"https:\/\/thebrandingtailors.com\/setrema\/wp-json\/wp\/v2\/types\/page"}],"author":[{"embeddable":true,"href":"https:\/\/thebrandingtailors.com\/setrema\/wp-json\/wp\/v2\/users\/1"}],"replies":[{"embeddable":true,"href":"https:\/\/thebrandingtailors.com\/setrema\/wp-json\/wp\/v2\/comments?post=243"}],"version-history":[{"count":8,"href":"https:\/\/thebrandingtailors.com\/setrema\/wp-json\/wp\/v2\/pages\/243\/revisions"}],"predecessor-version":[{"id":1484,"href":"https:\/\/thebrandingtailors.com\/setrema\/wp-json\/wp\/v2\/pages\/243\/revisions\/1484"}],"wp:attachment":[{"href":"https:\/\/thebrandingtailors.com\/setrema\/wp-json\/wp\/v2\/media?parent=243"}],"curies":[{"name":"wp","href":"https:\/\/api.w.org\/{rel}","templated":true}]}}