{"id":379,"date":"2023-11-10T10:17:32","date_gmt":"2023-11-10T10:17:32","guid":{"rendered":"https:\/\/ultradevs.com\/demo\/wp\/mistri\/?page_id=379"},"modified":"2025-06-10T13:22:00","modified_gmt":"2025-06-10T13:22:00","slug":"prensa-excentrica-tipo-h","status":"publish","type":"page","link":"https:\/\/thebrandingtailors.com\/setrema\/prensa-excentrica-tipo-h\/","title":{"rendered":"Prensa Exc\u00eantrica tipo H"},"content":{"rendered":"\t\t<div data-elementor-type=\"wp-page\" data-elementor-id=\"379\" class=\"elementor elementor-379\">\n\t\t\t\t<div class=\"elementor-element elementor-element-627db33 e-flex e-con-boxed e-con e-parent\" data-id=\"627db33\" data-element_type=\"container\">\n\t\t\t\t\t<div class=\"e-con-inner\">\n\t\t<div class=\"elementor-element elementor-element-ec3259c e-flex e-con-boxed e-con e-child\" data-id=\"ec3259c\" data-element_type=\"container\">\n\t\t\t\t\t<div class=\"e-con-inner\">\n\t\t\t\t<div class=\"elementor-element elementor-element-ab80ed6 elementor-widget elementor-widget-heading\" data-id=\"ab80ed6\" data-element_type=\"widget\" data-widget_type=\"heading.default\">\n\t\t\t\t<div class=\"elementor-widget-container\">\n\t\t\t\t\t<h2 class=\"elementor-heading-title elementor-size-default\">Descri\u00e7\u00e3o<\/h2>\t\t\t\t<\/div>\n\t\t\t\t<\/div>\n\t\t<div class=\"elementor-element elementor-element-f464672 e-grid e-con-full e-con e-child\" data-id=\"f464672\" data-element_type=\"container\">\n\t\t\t\t<div class=\"elementor-element elementor-element-77d32ac elementor-widget elementor-widget-text-editor\" data-id=\"77d32ac\" data-element_type=\"widget\" data-widget_type=\"text-editor.default\">\n\t\t\t\t<div class=\"elementor-widget-container\">\n\t\t\t\t\t\t\t\t\t<p>Chapas de a\u00e7o soldadas, lubrifica\u00e7\u00e3o a banho de \u00f3leo, norma de seguran\u00e7a &#8211; Classe 4, freio &#8211; fric\u00e7\u00e3o, plung, at\u00e9 300gpm, tem como grande diferencial parada ultra r\u00e1pida com menos de 1\/4 de volta. Ideal para alta produtividade, proporcionando de 120 a 300 golpes por minuto.<\/p><p>\u00a0<\/p><p>. Estrutura em chapa de a\u00e7o soldada<br \/>. Estrutura Tipo \u201cH\u201d<br \/>. Acionamento do martelo por biela Plung<br \/>. Mesa fixa horizontal<br \/>. Engate por fric\u00e7\u00e3o pneum\u00e1tica<br \/>. Norma de Seguran\u00e7a \u2013 Classe 4<\/p>\t\t\t\t\t\t\t\t<\/div>\n\t\t\t\t<\/div>\n\t\t\t\t<div class=\"elementor-element elementor-element-9cc54fe elementor-widget elementor-widget-image\" data-id=\"9cc54fe\" data-element_type=\"widget\" data-widget_type=\"image.default\">\n\t\t\t\t<div class=\"elementor-widget-container\">\n\t\t\t\t\t\t\t\t\t\t\t\t\t\t\t<img fetchpriority=\"high\" decoding=\"async\" width=\"640\" height=\"259\" src=\"https:\/\/thebrandingtailors.com\/setrema\/wp-content\/uploads\/2025\/06\/engenharia-1024x414.jpg\" class=\"attachment-large size-large wp-image-1453\" alt=\"\" srcset=\"https:\/\/thebrandingtailors.com\/setrema\/wp-content\/uploads\/2025\/06\/engenharia-1024x414.jpg 1024w, https:\/\/thebrandingtailors.com\/setrema\/wp-content\/uploads\/2025\/06\/engenharia-300x121.jpg 300w, https:\/\/thebrandingtailors.com\/setrema\/wp-content\/uploads\/2025\/06\/engenharia-768x311.jpg 768w, https:\/\/thebrandingtailors.com\/setrema\/wp-content\/uploads\/2025\/06\/engenharia-600x243.jpg 600w, https:\/\/thebrandingtailors.com\/setrema\/wp-content\/uploads\/2025\/06\/engenharia.jpg 1070w\" sizes=\"(max-width: 640px) 100vw, 640px\" \/>\t\t\t\t\t\t\t\t\t\t\t\t\t\t\t<\/div>\n\t\t\t\t<\/div>\n\t\t\t\t<\/div>\n\t\t\t\t<div class=\"elementor-element elementor-element-a283c2a elementor-widget elementor-widget-image\" data-id=\"a283c2a\" data-element_type=\"widget\" data-widget_type=\"image.default\">\n\t\t\t\t<div class=\"elementor-widget-container\">\n\t\t\t\t\t\t\t\t\t\t\t\t\t\t\t<img decoding=\"async\" width=\"640\" height=\"205\" src=\"https:\/\/thebrandingtailors.com\/setrema\/wp-content\/uploads\/2025\/06\/prensa-excentrica-tipo-h.jpg\" class=\"attachment-large size-large wp-image-1557\" alt=\"\" srcset=\"https:\/\/thebrandingtailors.com\/setrema\/wp-content\/uploads\/2025\/06\/prensa-excentrica-tipo-h.jpg 1000w, https:\/\/thebrandingtailors.com\/setrema\/wp-content\/uploads\/2025\/06\/prensa-excentrica-tipo-h-300x96.jpg 300w, https:\/\/thebrandingtailors.com\/setrema\/wp-content\/uploads\/2025\/06\/prensa-excentrica-tipo-h-768x247.jpg 768w\" sizes=\"(max-width: 640px) 100vw, 640px\" \/>\t\t\t\t\t\t\t\t\t\t\t\t\t\t\t<\/div>\n\t\t\t\t<\/div>\n\t\t\t\t<div class=\"elementor-element elementor-element-373d1aa elementor-widget elementor-widget-image\" data-id=\"373d1aa\" data-element_type=\"widget\" data-widget_type=\"image.default\">\n\t\t\t\t<div class=\"elementor-widget-container\">\n\t\t\t\t\t\t\t\t\t\t\t\t\t\t\t<img decoding=\"async\" width=\"800\" height=\"500\" src=\"https:\/\/thebrandingtailors.com\/setrema\/wp-content\/uploads\/2025\/06\/prensas.jpg\" class=\"attachment-full size-full wp-image-1431\" alt=\"\" srcset=\"https:\/\/thebrandingtailors.com\/setrema\/wp-content\/uploads\/2025\/06\/prensas.jpg 800w, https:\/\/thebrandingtailors.com\/setrema\/wp-content\/uploads\/2025\/06\/prensas-300x188.jpg 300w, https:\/\/thebrandingtailors.com\/setrema\/wp-content\/uploads\/2025\/06\/prensas-768x480.jpg 768w, https:\/\/thebrandingtailors.com\/setrema\/wp-content\/uploads\/2025\/06\/prensas-600x375.jpg 600w\" sizes=\"(max-width: 800px) 100vw, 800px\" \/>\t\t\t\t\t\t\t\t\t\t\t\t\t\t\t<\/div>\n\t\t\t\t<\/div>\n\t\t\t\t\t<\/div>\n\t\t\t\t<\/div>\n\t\t\t\t\t<\/div>\n\t\t\t\t<\/div>\n\t\t<div class=\"elementor-element elementor-element-343c86f e-flex e-con-boxed e-con e-parent\" data-id=\"343c86f\" data-element_type=\"container\">\n\t\t\t\t\t<div class=\"e-con-inner\">\n\t\t<div class=\"elementor-element elementor-element-1f6d062 e-flex e-con-boxed e-con e-child\" data-id=\"1f6d062\" data-element_type=\"container\" data-settings=\"{&quot;background_background&quot;:&quot;classic&quot;}\">\n\t\t\t\t\t<div class=\"e-con-inner\">\n\t\t<div class=\"elementor-element elementor-element-a63e290 e-con-full e-flex e-con e-child\" data-id=\"a63e290\" data-element_type=\"container\">\n\t\t\t\t<div class=\"elementor-element elementor-element-85e3836 elementor-widget elementor-widget-mistri-project-features-card\" data-id=\"85e3836\" data-element_type=\"widget\" data-widget_type=\"mistri-project-features-card.default\">\n\t\t\t\t<div class=\"elementor-widget-container\">\n\t\t\t\t\t\n        <div class=\"portfolio-single-feature item\">\n            <div class=\"content\">\n                <h4><span><\/span> Pot\u00eancia<\/h4>\n                <span>16 a 60 toneladas<\/span>\n            <\/div>\n                <div class=\"icon\">\n                    <img decoding=\"async\" src=\"https:\/\/ultradevs.com\/demo\/wp\/mistri\/wp-content\/uploads\/2023\/09\/ps1.png\" alt=\"icon\">\n                <\/div>\n        <\/div>\t\t\t\t<\/div>\n\t\t\t\t<\/div>\n\t\t\t\t<\/div>\n\t\t<div class=\"elementor-element elementor-element-d7d1c89 e-con-full e-flex e-con e-child\" data-id=\"d7d1c89\" data-element_type=\"container\">\n\t\t\t\t<div class=\"elementor-element elementor-element-b9ea5fb elementor-widget elementor-widget-mistri-project-features-card\" data-id=\"b9ea5fb\" data-element_type=\"widget\" data-widget_type=\"mistri-project-features-card.default\">\n\t\t\t\t<div class=\"elementor-widget-container\">\n\t\t\t\t\t\n        <div class=\"portfolio-single-feature item\">\n            <div class=\"content\">\n                <h4><span><\/span> Voltagem<\/h4>\n                <span>330V<\/span>\n            <\/div>\n                <div class=\"icon\">\n                    <img decoding=\"async\" src=\"https:\/\/ultradevs.com\/demo\/wp\/mistri\/wp-content\/uploads\/2023\/09\/ps1.png\" alt=\"icon\">\n                <\/div>\n        <\/div>\t\t\t\t<\/div>\n\t\t\t\t<\/div>\n\t\t\t\t<\/div>\n\t\t<div class=\"elementor-element elementor-element-9c26729 e-con-full e-flex e-con e-child\" data-id=\"9c26729\" data-element_type=\"container\">\n\t\t\t\t<div class=\"elementor-element elementor-element-8ca087f elementor-widget elementor-widget-mistri-project-features-card\" data-id=\"8ca087f\" data-element_type=\"widget\" data-widget_type=\"mistri-project-features-card.default\">\n\t\t\t\t<div class=\"elementor-widget-container\">\n\t\t\t\t\t\n        <div class=\"portfolio-single-feature item\">\n            <div class=\"content\">\n                <h4><span><\/span> Peso<\/h4>\n                <span>2ton a 20ton<\/span>\n            <\/div>\n                <div class=\"icon\">\n                    <img decoding=\"async\" src=\"https:\/\/ultradevs.com\/demo\/wp\/mistri\/wp-content\/uploads\/2023\/09\/ps3.png\" alt=\"icon\">\n                <\/div>\n        <\/div>\t\t\t\t<\/div>\n\t\t\t\t<\/div>\n\t\t\t\t<\/div>\n\t\t\t\t\t<\/div>\n\t\t\t\t<\/div>\n\t\t<div class=\"elementor-element elementor-element-63acf14 e-flex e-con-boxed e-con e-child\" data-id=\"63acf14\" data-element_type=\"container\" data-settings=\"{&quot;background_background&quot;:&quot;classic&quot;}\">\n\t\t\t\t\t<div class=\"e-con-inner\">\n\t\t\t\t<div class=\"elementor-element elementor-element-6a4b686 elementor-widget-divider--view-line elementor-widget elementor-widget-divider\" data-id=\"6a4b686\" data-element_type=\"widget\" data-widget_type=\"divider.default\">\n\t\t\t\t<div class=\"elementor-widget-container\">\n\t\t\t\t\t\t\t<div class=\"elementor-divider\">\n\t\t\t<span class=\"elementor-divider-separator\">\n\t\t\t\t\t\t<\/span>\n\t\t<\/div>\n\t\t\t\t\t\t<\/div>\n\t\t\t\t<\/div>\n\t\t\t\t\t<\/div>\n\t\t\t\t<\/div>\n\t\t\t\t\t<\/div>\n\t\t\t\t<\/div>\n\t\t<div class=\"elementor-element elementor-element-ce4a29f e-flex e-con-boxed e-con e-parent\" data-id=\"ce4a29f\" data-element_type=\"container\">\n\t\t\t\t\t<div class=\"e-con-inner\">\n\t\t<div class=\"elementor-element elementor-element-185e622 e-flex e-con-boxed e-con e-child\" data-id=\"185e622\" data-element_type=\"container\">\n\t\t\t\t\t<div class=\"e-con-inner\">\n\t\t\t\t<div class=\"elementor-element elementor-element-510b704 elementor-widget elementor-widget-heading\" data-id=\"510b704\" data-element_type=\"widget\" data-widget_type=\"heading.default\">\n\t\t\t\t<div class=\"elementor-widget-container\">\n\t\t\t\t\t<h2 class=\"elementor-heading-title elementor-size-default\">Especifica\u00e7\u00f5es T\u00e9cnicas<\/h2>\t\t\t\t<\/div>\n\t\t\t\t<\/div>\n\t\t\t\t<div class=\"elementor-element elementor-element-45900b2 elementor-widget elementor-widget-text-editor\" data-id=\"45900b2\" data-element_type=\"widget\" data-widget_type=\"text-editor.default\">\n\t\t\t\t<div class=\"elementor-widget-container\">\n\t\t\t\t\t\t\t\t\t<p>Lorem ipsum dolor sit amet, consectetur adipiscing elit, sed do eiusmod tempor incididunt ut labore et dolore magna aliqua. Ut enim ad minim veniam, quis nostrud exercitation ullamco laboris nisi ut aliquip ex ea commodo consequat. Duis aute irure dolor in reprehenderit in voluptate velit esse cillum dolore eu fugiat nulla pariatur. Excepteur sint occaecat cupidatat non proident, sunt in culpa qui officia deserunt mollit anim id est laborum.<\/p>\t\t\t\t\t\t\t\t<\/div>\n\t\t\t\t<\/div>\n\t\t\t\t<div class=\"elementor-element elementor-element-d5e6317 elementor-widget elementor-widget-mistri-list-default\" data-id=\"d5e6317\" data-element_type=\"widget\" data-widget_type=\"mistri-list-default.default\">\n\t\t\t\t<div class=\"elementor-widget-container\">\n\t\t\t\t\t\n\t\t<ul class=\"plist-features\"><li><span><\/span> Item 1<\/li><li><span><\/span> Item 2<\/li><li><span><\/span> Item 3<\/li><li><span><\/span> Item 4<\/li><li><span><\/span> Item 5<\/li><li><span><\/span> Item 6<\/li>\n\t\t<\/ul>\t\t\t\t<\/div>\n\t\t\t\t<\/div>\n\t\t\t\t<div class=\"elementor-element elementor-element-eaece41 elementor-widget elementor-widget-text-editor\" data-id=\"eaece41\" data-element_type=\"widget\" data-widget_type=\"text-editor.default\">\n\t\t\t\t<div class=\"elementor-widget-container\">\n\t\t\t\t\t\t\t\t\t<p>Lorem ipsum dolor sit amet, consectetur adipiscing elit, sed do eiusmod tempor incididunt ut labore et dolore magna aliqua. Ut enim ad minim veniam, quis nostrud exercitation ullamco laboris nisi ut aliquip ex ea commodo consequat. Duis aute irure dolor in reprehenderit in voluptate velit esse cillum dolore eu fugiat nulla pariatur. Excepteur sint occaecat cupidatat non proident, sunt in culpa qui officia deserunt mollit anim id est laborum.<\/p>\t\t\t\t\t\t\t\t<\/div>\n\t\t\t\t<\/div>\n\t\t\t\t\t<\/div>\n\t\t\t\t<\/div>\n\t\t\t\t<div class=\"elementor-element elementor-element-c4104e4 elementor-widget elementor-widget-mistri-blockquote\" data-id=\"c4104e4\" data-element_type=\"widget\" data-widget_type=\"mistri-blockquote.default\">\n\t\t\t\t<div class=\"elementor-widget-container\">\n\t\t\t\t\t\r\n        <div class=\"portfolio_quote sub-bg mt-40 mb-65\">\r\n           <p>posuere luctus orci. Donec vitae mattis quam, vitae tempor arcu. Aenean non odio porttitor, convallis erat sit amet, facilisis velit. Nulla ornare convallis malesuada. Phasellus<\/p>\r\n            <i class=\"fas fa-quote-right\"><\/i>\r\n        <\/div>\t\t\t\t<\/div>\n\t\t\t\t<\/div>\n\t\t\t\t\t<\/div>\n\t\t\t\t<\/div>\n\t\t<div class=\"elementor-element elementor-element-a383aa4 e-flex e-con-boxed e-con e-parent\" data-id=\"a383aa4\" data-element_type=\"container\">\n\t\t\t\t\t<div class=\"e-con-inner\">\n\t\t\t\t<div class=\"elementor-element elementor-element-cfe8a90 elementor-widget elementor-widget-heading\" data-id=\"cfe8a90\" data-element_type=\"widget\" data-widget_type=\"heading.default\">\n\t\t\t\t<div class=\"elementor-widget-container\">\n\t\t\t\t\t<h2 class=\"elementor-heading-title elementor-size-default\">Aplica\u00e7\u00f5es<\/h2>\t\t\t\t<\/div>\n\t\t\t\t<\/div>\n\t\t<div class=\"elementor-element elementor-element-636bd02 e-flex e-con-boxed e-con e-child\" data-id=\"636bd02\" data-element_type=\"container\">\n\t\t\t\t\t<div class=\"e-con-inner\">\n\t\t<div class=\"elementor-element elementor-element-d697313 e-con-full e-flex e-con e-child\" data-id=\"d697313\" data-element_type=\"container\">\n\t\t\t\t<div class=\"elementor-element elementor-element-20b5f61 elementor-widget elementor-widget-image\" data-id=\"20b5f61\" data-element_type=\"widget\" data-widget_type=\"image.default\">\n\t\t\t\t<div class=\"elementor-widget-container\">\n\t\t\t\t\t\t\t\t\t\t\t\t\t\t\t<img loading=\"lazy\" decoding=\"async\" width=\"316\" height=\"284\" src=\"https:\/\/thebrandingtailors.com\/setrema\/wp-content\/uploads\/2023\/09\/s4.jpg\" class=\"attachment-large size-large wp-image-153\" alt=\"\" srcset=\"https:\/\/thebrandingtailors.com\/setrema\/wp-content\/uploads\/2023\/09\/s4.jpg 316w, https:\/\/thebrandingtailors.com\/setrema\/wp-content\/uploads\/2023\/09\/s4-300x270.jpg 300w\" sizes=\"(max-width: 316px) 100vw, 316px\" \/>\t\t\t\t\t\t\t\t\t\t\t\t\t\t\t<\/div>\n\t\t\t\t<\/div>\n\t\t\t\t<\/div>\n\t\t<div class=\"elementor-element elementor-element-ec7d012 e-con-full e-flex e-con e-child\" data-id=\"ec7d012\" data-element_type=\"container\">\n\t\t\t\t<div class=\"elementor-element elementor-element-c4f3ffb elementor-widget elementor-widget-image\" data-id=\"c4f3ffb\" data-element_type=\"widget\" data-widget_type=\"image.default\">\n\t\t\t\t<div class=\"elementor-widget-container\">\n\t\t\t\t\t\t\t\t\t\t\t\t\t\t\t<img loading=\"lazy\" decoding=\"async\" width=\"529\" height=\"353\" src=\"https:\/\/thebrandingtailors.com\/setrema\/wp-content\/uploads\/2023\/09\/s3.jpg\" class=\"attachment-large size-large wp-image-121\" alt=\"\" srcset=\"https:\/\/thebrandingtailors.com\/setrema\/wp-content\/uploads\/2023\/09\/s3.jpg 529w, https:\/\/thebrandingtailors.com\/setrema\/wp-content\/uploads\/2023\/09\/s3-300x200.jpg 300w\" sizes=\"(max-width: 529px) 100vw, 529px\" \/>\t\t\t\t\t\t\t\t\t\t\t\t\t\t\t<\/div>\n\t\t\t\t<\/div>\n\t\t\t\t<\/div>\n\t\t<div class=\"elementor-element elementor-element-7084615 e-con-full e-flex e-con e-child\" data-id=\"7084615\" data-element_type=\"container\">\n\t\t\t\t<div class=\"elementor-element elementor-element-8c3ed00 elementor-widget elementor-widget-image\" data-id=\"8c3ed00\" data-element_type=\"widget\" data-widget_type=\"image.default\">\n\t\t\t\t<div class=\"elementor-widget-container\">\n\t\t\t\t\t\t\t\t\t\t\t\t\t\t\t<img loading=\"lazy\" decoding=\"async\" width=\"400\" height=\"385\" src=\"https:\/\/thebrandingtailors.com\/setrema\/wp-content\/uploads\/2023\/09\/s04.jpg\" class=\"attachment-large size-large wp-image-122\" alt=\"\" srcset=\"https:\/\/thebrandingtailors.com\/setrema\/wp-content\/uploads\/2023\/09\/s04.jpg 400w, https:\/\/thebrandingtailors.com\/setrema\/wp-content\/uploads\/2023\/09\/s04-300x289.jpg 300w\" sizes=\"(max-width: 400px) 100vw, 400px\" \/>\t\t\t\t\t\t\t\t\t\t\t\t\t\t\t<\/div>\n\t\t\t\t<\/div>\n\t\t\t\t<\/div>\n\t\t\t\t\t<\/div>\n\t\t\t\t<\/div>\n\t\t\t\t<div class=\"elementor-element elementor-element-70859ae elementor-widget elementor-widget-text-editor\" data-id=\"70859ae\" data-element_type=\"widget\" data-widget_type=\"text-editor.default\">\n\t\t\t\t<div class=\"elementor-widget-container\">\n\t\t\t\t\t\t\t\t\t<p>Ind\u00fastria de moda, el\u00e9trica e eletr\u00f4nica e afins.<\/p>\t\t\t\t\t\t\t\t<\/div>\n\t\t\t\t<\/div>\n\t\t\t\t<div class=\"elementor-element elementor-element-4573736 elementor-widget elementor-widget-text-editor\" data-id=\"4573736\" data-element_type=\"widget\" data-widget_type=\"text-editor.default\">\n\t\t\t\t<div class=\"elementor-widget-container\">\n\t\t\t\t\t\t\t\t\t<p>Lorem ipsum dolor sit amet, consectetur adipiscing elit, sed do eiusmod tempor incididunt ut labore et dolore magna aliqua. Ut enim ad minim veniam, quis nostrud exercitation ullamco laboris nisi ut aliquip ex ea commodo consequat. Duis aute irure dolor in reprehenderit in voluptate velit esse cillum dolore eu fugiat nulla pariatur. Excepteur sint occaecat cupidatat non proident, sunt in culpa qui officia deserunt mollit anim id est laborum.<\/p>\t\t\t\t\t\t\t\t<\/div>\n\t\t\t\t<\/div>\n\t\t\t\t\t<\/div>\n\t\t\t\t<\/div>\n\t\t\t\t<\/div>\n\t\t","protected":false},"excerpt":{"rendered":"<p>Descri\u00e7\u00e3o Chapas de a\u00e7o soldadas, lubrifica\u00e7\u00e3o a banho de \u00f3leo, norma de seguran\u00e7a &#8211; Classe 4, freio &#8211; fric\u00e7\u00e3o, plung, at\u00e9 300gpm, tem como grande diferencial parada ultra r\u00e1pida com menos de 1\/4 de volta. Ideal para alta produtividade, proporcionando de 120 a 300 golpes por minuto. \u00a0 . Estrutura em chapa de a\u00e7o soldada. [&hellip;]<\/p>\n","protected":false},"author":1,"featured_media":0,"parent":0,"menu_order":0,"comment_status":"closed","ping_status":"closed","template":"","meta":{"footnotes":""},"class_list":["post-379","page","type-page","status-publish","hentry"],"_links":{"self":[{"href":"https:\/\/thebrandingtailors.com\/setrema\/wp-json\/wp\/v2\/pages\/379","targetHints":{"allow":["GET"]}}],"collection":[{"href":"https:\/\/thebrandingtailors.com\/setrema\/wp-json\/wp\/v2\/pages"}],"about":[{"href":"https:\/\/thebrandingtailors.com\/setrema\/wp-json\/wp\/v2\/types\/page"}],"author":[{"embeddable":true,"href":"https:\/\/thebrandingtailors.com\/setrema\/wp-json\/wp\/v2\/users\/1"}],"replies":[{"embeddable":true,"href":"https:\/\/thebrandingtailors.com\/setrema\/wp-json\/wp\/v2\/comments?post=379"}],"version-history":[{"count":22,"href":"https:\/\/thebrandingtailors.com\/setrema\/wp-json\/wp\/v2\/pages\/379\/revisions"}],"predecessor-version":[{"id":1599,"href":"https:\/\/thebrandingtailors.com\/setrema\/wp-json\/wp\/v2\/pages\/379\/revisions\/1599"}],"wp:attachment":[{"href":"https:\/\/thebrandingtailors.com\/setrema\/wp-json\/wp\/v2\/media?parent=379"}],"curies":[{"name":"wp","href":"https:\/\/api.w.org\/{rel}","templated":true}]}}